{"id":98,"date":"2022-06-16T18:53:21","date_gmt":"2022-06-16T18:53:21","guid":{"rendered":"https:\/\/profect.ee\/?page_id=98"},"modified":"2022-11-11T13:12:16","modified_gmt":"2022-11-11T11:12:16","slug":"moobel","status":"publish","type":"page","link":"https:\/\/profect.ee\/?page_id=98","title":{"rendered":"M\u00f6\u00f6bel"},"content":{"rendered":"<!-- wp:themify-builder\/canvas \/--><!--themify_builder_static--><h6><strong>M\u00f6\u00f6bel<\/strong><\/h6> <p>Meie tootevalikust leiab m\u00f6\u00f6blit nii elu- s\u00f6\u00f6gi- ja magamistuppa kui ka\u00a0esikusse, kodukontorisse\u00a0ja vannituppa.\u00a0V\u00f5imalik on\u00a0m\u00f6\u00f6blit tellida nii meie valmis tootevalikust kui ka valmistada\u00a0vastavalt tellija m\u00f5\u00f5tudele ja soovile.\u00a0M\u00f6\u00f6bel valmistatakse t\u00e4ispuidust.\u00a0M\u00f6\u00f6blit on v\u00f5imalik tellida nii tamme-, kase-, kui ka m\u00e4nnipuidust. Viimistlustest on v\u00f5imalik valida m\u00f6\u00f6bli\u00f5li, mattlaki, m\u00f6\u00f6bliv\u00e4rvi, peitsi v\u00f5i niisketesse tingimustesse sobiva paadilaki vahel.<\/p> <h6><strong>S\u00f6\u00f6gilauad<\/strong><\/h6> <p>Lauad valmistatakse t\u00e4ispuidust ja viimistletakse vastavalt kliendi soovile. Lauajalg 90x90mm, lauaplaadi paksus\u00a036 mm. Valmistame laudu eritellimusel, Teie soovitud m\u00f5\u00f5tudega ja materjalist.<br>Tarneaeg 3-4 n\u00e4dalat.<\/p>\n<img decoding=\"async\" loading=\"lazy\" width=\"790\" height=\"782\" src=\"https:\/\/profect.ee\/wp-content\/uploads\/2022\/11\/fff.png\" title=\"fff\" alt=\"fff\" srcset=\"https:\/\/profect.ee\/wp-content\/uploads\/2022\/11\/fff.png 790w, https:\/\/profect.ee\/wp-content\/uploads\/2022\/11\/fff-300x297.png 300w, https:\/\/profect.ee\/wp-content\/uploads\/2022\/11\/fff-768x760.png 768w, https:\/\/profect.ee\/wp-content\/uploads\/2022\/11\/fff-572x566.png 572w\" sizes=\"auto, (max-width: 790px) 100vw, 790px\" \/>\n<h6><strong>Diivanilauad<\/strong><\/h6> <p>Lauaraam valmistatakse t\u00e4ispuidust ja viimistletakse vastavalt kliendi soovile. Lauajalg 90x90mm, lauaplaadi paksus\u00a036 mm.\u00a0K\u00f5ik lauad valmivad\u00a0eritellimusel, Teie soovitud m\u00f5\u00f5tudega ja materjalist.<br>Tarneaeg 3-4 n\u00e4dalat.<\/p>\n<img decoding=\"async\" loading=\"lazy\" width=\"783\" height=\"406\" src=\"https:\/\/profect.ee\/wp-content\/uploads\/2022\/11\/q.png\" title=\"q\" alt=\"q\" srcset=\"https:\/\/profect.ee\/wp-content\/uploads\/2022\/11\/q.png 783w, https:\/\/profect.ee\/wp-content\/uploads\/2022\/11\/q-300x156.png 300w, https:\/\/profect.ee\/wp-content\/uploads\/2022\/11\/q-768x398.png 768w, https:\/\/profect.ee\/wp-content\/uploads\/2022\/11\/q-573x297.png 573w\" sizes=\"auto, (max-width: 783px) 100vw, 783px\" \/>\n<h6><strong>Riiulid<\/strong><\/h6> <p>Riiulid valmistatakse 28, 36, v\u00f5i 40mm paksusest t\u00e4ispuidust ja viimistletakse vastavalt kliendi soovile. K\u00f5ik riiulid valmivad eritellimusel, Teie soovitud m\u00f5\u00f5tudega ja materjalist.<br>Tarneaeg 3-4 n\u00e4dalat.<\/p>\n<img decoding=\"async\" loading=\"lazy\" width=\"785\" height=\"455\" src=\"https:\/\/profect.ee\/wp-content\/uploads\/2022\/11\/w.png\" title=\"w\" alt=\"w\" srcset=\"https:\/\/profect.ee\/wp-content\/uploads\/2022\/11\/w.png 785w, https:\/\/profect.ee\/wp-content\/uploads\/2022\/11\/w-300x174.png 300w, https:\/\/profect.ee\/wp-content\/uploads\/2022\/11\/w-768x445.png 768w, https:\/\/profect.ee\/wp-content\/uploads\/2022\/11\/w-559x324.png 559w\" sizes=\"auto, (max-width: 785px) 100vw, 785px\" \/>\n<h6><strong>Magamistuba<\/strong><\/h6> <p>\u00a0Voodi valmistatakse t\u00e4ispuidust ja viimistletakse vastavalt kliendi soovile.\u00a0M\u00f6\u00f6blikilbi paksus on 28, 36 v\u00f5i 40 mm.<\/p>\n<img decoding=\"async\" loading=\"lazy\" width=\"820\" height=\"533\" src=\"https:\/\/profect.ee\/wp-content\/uploads\/2022\/11\/e.png\" title=\"e\" alt=\"e\" srcset=\"https:\/\/profect.ee\/wp-content\/uploads\/2022\/11\/e.png 820w, https:\/\/profect.ee\/wp-content\/uploads\/2022\/11\/e-300x195.png 300w, https:\/\/profect.ee\/wp-content\/uploads\/2022\/11\/e-768x499.png 768w, https:\/\/profect.ee\/wp-content\/uploads\/2022\/11\/e-559x363.png 559w\" sizes=\"auto, (max-width: 820px) 100vw, 820px\" \/>\n<h6><strong>K\u00f6\u00f6k<\/strong><\/h6> <p>K\u00f6\u00f6gim\u00f6\u00f6bel valmistatakse Teile sobiva puitmaterjaliga ja\u00a0m\u00f5\u00f5tudes. K\u00f6\u00f6gi t\u00f6\u00f6tasapinnana saab kasutada nii t\u00e4ispuitu kui ka erinevaid kunstmaterjale. Abistame lahenduste v\u00e4ljat\u00f6\u00f6tamisel.<br>Tarneaeg 4-6 n\u00e4dalat.<\/p>\n<img decoding=\"async\" loading=\"lazy\" width=\"534\" height=\"406\" src=\"https:\/\/profect.ee\/wp-content\/uploads\/2022\/11\/sd.png\" title=\"sd\" alt=\"sd\" srcset=\"https:\/\/profect.ee\/wp-content\/uploads\/2022\/11\/sd.png 534w, https:\/\/profect.ee\/wp-content\/uploads\/2022\/11\/sd-300x228.png 300w, https:\/\/profect.ee\/wp-content\/uploads\/2022\/11\/sd-392x298.png 392w\" sizes=\"auto, (max-width: 534px) 100vw, 534px\" \/>\n<h6><strong>Esik<\/strong><\/h6> <p>Esikum\u00f6\u00f6bel valmistatakse t\u00e4ispuidust. M\u00f5\u00f5te on v\u00f5imalik muuta vastavalt kliendi vajadustele.\u00a0\u00a0\u00a0\u00a0\u00a0 \u00a0\u00a0 \u00a0\u00a0\u00a0\u00a0\u00a0\u00a0\u00a0\u00a0<\/p>\n<img decoding=\"async\" loading=\"lazy\" width=\"530\" height=\"351\" src=\"https:\/\/profect.ee\/wp-content\/uploads\/2022\/11\/esik.png\" title=\"esik\" alt=\"esik\" srcset=\"https:\/\/profect.ee\/wp-content\/uploads\/2022\/11\/esik.png 530w, https:\/\/profect.ee\/wp-content\/uploads\/2022\/11\/esik-300x199.png 300w, https:\/\/profect.ee\/wp-content\/uploads\/2022\/11\/esik-395x261.png 395w\" sizes=\"auto, (max-width: 530px) 100vw, 530px\" \/>\n<h6><strong>Vannituba<\/strong><\/h6> <p>Vannitoa m\u00f6\u00f6bel valmistatakse\u00a0Teie vannituppa sobivates m\u00f5\u00f5tudes ning viimistletakse veekindla lakiga.<\/p>\n<img decoding=\"async\" loading=\"lazy\" width=\"760\" height=\"357\" src=\"https:\/\/profect.ee\/wp-content\/uploads\/2022\/11\/vannituba.png\" title=\"vannituba\" alt=\"vannituba\" srcset=\"https:\/\/profect.ee\/wp-content\/uploads\/2022\/11\/vannituba.png 760w, https:\/\/profect.ee\/wp-content\/uploads\/2022\/11\/vannituba-300x141.png 300w, https:\/\/profect.ee\/wp-content\/uploads\/2022\/11\/vannituba-565x265.png 565w\" sizes=\"auto, (max-width: 760px) 100vw, 760px\" \/>\n<h6><strong>Aksessuaarid<\/strong><\/h6> <p>Valmistame ka eritellimusel erinevaid aksessuaare, Teile sobivate m\u00f5\u00f5tudega ja materjalist.<\/p>\n<img decoding=\"async\" loading=\"lazy\" width=\"723\" height=\"276\" src=\"https:\/\/profect.ee\/wp-content\/uploads\/2022\/11\/aks.png\" title=\"aks\" alt=\"aks\" srcset=\"https:\/\/profect.ee\/wp-content\/uploads\/2022\/11\/aks.png 723w, https:\/\/profect.ee\/wp-content\/uploads\/2022\/11\/aks-300x115.png 300w, https:\/\/profect.ee\/wp-content\/uploads\/2022\/11\/aks-523x199.png 523w\" sizes=\"auto, (max-width: 723px) 100vw, 723px\" \/><!--\/themify_builder_static-->","protected":false},"excerpt":{"rendered":"<p>M\u00f6\u00f6bel Meie tootevalikust leiab m\u00f6\u00f6blit nii elu- s\u00f6\u00f6gi- ja magamistuppa kui ka\u00a0esikusse, kodukontorisse\u00a0ja vannituppa.\u00a0V\u00f5imalik on\u00a0m\u00f6\u00f6blit tellida nii meie valmis tootevalikust kui ka valmistada\u00a0vastavalt tellija m\u00f5\u00f5tudele ja soovile.\u00a0M\u00f6\u00f6bel valmistatakse t\u00e4ispuidust.\u00a0M\u00f6\u00f6blit on v\u00f5imalik tellida nii tamme-, kase-, kui ka m\u00e4nnipuidust. Viimistlustest on v\u00f5imalik valida m\u00f6\u00f6bli\u00f5li, mattlaki, m\u00f6\u00f6bliv\u00e4rvi, peitsi v\u00f5i niisketesse tingimustesse sobiva paadilaki vahel. S\u00f6\u00f6gilauad Lauad valmistatakse [&hellip;]<\/p>\n","protected":false},"author":1,"featured_media":0,"parent":0,"menu_order":0,"comment_status":"closed","ping_status":"closed","template":"","meta":{"footnotes":""},"class_list":["post-98","page","type-page","status-publish","hentry","has-post-title","has-post-date","has-post-category","has-post-tag","has-post-comment","has-post-author",""],"builder_content":"<h6><strong>M\u00f6\u00f6bel<\/strong><\/h6> <p>Meie tootevalikust leiab m\u00f6\u00f6blit nii elu- s\u00f6\u00f6gi- ja magamistuppa kui ka\u00a0esikusse, kodukontorisse\u00a0ja vannituppa.\u00a0V\u00f5imalik on\u00a0m\u00f6\u00f6blit tellida nii meie valmis tootevalikust kui ka valmistada\u00a0vastavalt tellija m\u00f5\u00f5tudele ja soovile.\u00a0M\u00f6\u00f6bel valmistatakse t\u00e4ispuidust.\u00a0M\u00f6\u00f6blit on v\u00f5imalik tellida nii tamme-, kase-, kui ka m\u00e4nnipuidust. Viimistlustest on v\u00f5imalik valida m\u00f6\u00f6bli\u00f5li, mattlaki, m\u00f6\u00f6bliv\u00e4rvi, peitsi v\u00f5i niisketesse tingimustesse sobiva paadilaki vahel.<\/p> <h6><strong>S\u00f6\u00f6gilauad<\/strong><\/h6> <p>Lauad valmistatakse t\u00e4ispuidust ja viimistletakse vastavalt kliendi soovile. Lauajalg 90x90mm, lauaplaadi paksus\u00a036 mm. Valmistame laudu eritellimusel, Teie soovitud m\u00f5\u00f5tudega ja materjalist.<br>Tarneaeg 3-4 n\u00e4dalat.<\/p>\n<img loading=\"lazy\" decoding=\"async\" width=\"790\" height=\"782\" src=\"https:\/\/profect.ee\/wp-content\/uploads\/2022\/11\/fff.png\" title=\"fff\" alt=\"fff\" srcset=\"https:\/\/profect.ee\/wp-content\/uploads\/2022\/11\/fff.png 790w, https:\/\/profect.ee\/wp-content\/uploads\/2022\/11\/fff-300x297.png 300w, https:\/\/profect.ee\/wp-content\/uploads\/2022\/11\/fff-768x760.png 768w, https:\/\/profect.ee\/wp-content\/uploads\/2022\/11\/fff-572x566.png 572w\" sizes=\"auto, (max-width: 790px) 100vw, 790px\" \/>\n<h6><strong>Diivanilauad<\/strong><\/h6> <p>Lauaraam valmistatakse t\u00e4ispuidust ja viimistletakse vastavalt kliendi soovile. Lauajalg 90x90mm, lauaplaadi paksus\u00a036 mm.\u00a0K\u00f5ik lauad valmivad\u00a0eritellimusel, Teie soovitud m\u00f5\u00f5tudega ja materjalist.<br>Tarneaeg 3-4 n\u00e4dalat.<\/p>\n<img loading=\"lazy\" decoding=\"async\" width=\"783\" height=\"406\" src=\"https:\/\/profect.ee\/wp-content\/uploads\/2022\/11\/q.png\" title=\"q\" alt=\"q\" srcset=\"https:\/\/profect.ee\/wp-content\/uploads\/2022\/11\/q.png 783w, https:\/\/profect.ee\/wp-content\/uploads\/2022\/11\/q-300x156.png 300w, https:\/\/profect.ee\/wp-content\/uploads\/2022\/11\/q-768x398.png 768w, https:\/\/profect.ee\/wp-content\/uploads\/2022\/11\/q-573x297.png 573w\" sizes=\"auto, (max-width: 783px) 100vw, 783px\" \/>\n<h6><strong>Riiulid<\/strong><\/h6> <p>Riiulid valmistatakse 28, 36, v\u00f5i 40mm paksusest t\u00e4ispuidust ja viimistletakse vastavalt kliendi soovile. K\u00f5ik riiulid valmivad eritellimusel, Teie soovitud m\u00f5\u00f5tudega ja materjalist.<br>Tarneaeg 3-4 n\u00e4dalat.<\/p>\n<img loading=\"lazy\" decoding=\"async\" width=\"785\" height=\"455\" src=\"https:\/\/profect.ee\/wp-content\/uploads\/2022\/11\/w.png\" title=\"w\" alt=\"w\" srcset=\"https:\/\/profect.ee\/wp-content\/uploads\/2022\/11\/w.png 785w, https:\/\/profect.ee\/wp-content\/uploads\/2022\/11\/w-300x174.png 300w, https:\/\/profect.ee\/wp-content\/uploads\/2022\/11\/w-768x445.png 768w, https:\/\/profect.ee\/wp-content\/uploads\/2022\/11\/w-559x324.png 559w\" sizes=\"auto, (max-width: 785px) 100vw, 785px\" \/>\n<h6><strong>Magamistuba<\/strong><\/h6> <p>\u00a0Voodi valmistatakse t\u00e4ispuidust ja viimistletakse vastavalt kliendi soovile.\u00a0M\u00f6\u00f6blikilbi paksus on 28, 36 v\u00f5i 40 mm.<\/p>\n<img loading=\"lazy\" decoding=\"async\" width=\"820\" height=\"533\" src=\"https:\/\/profect.ee\/wp-content\/uploads\/2022\/11\/e.png\" title=\"e\" alt=\"e\" srcset=\"https:\/\/profect.ee\/wp-content\/uploads\/2022\/11\/e.png 820w, https:\/\/profect.ee\/wp-content\/uploads\/2022\/11\/e-300x195.png 300w, https:\/\/profect.ee\/wp-content\/uploads\/2022\/11\/e-768x499.png 768w, https:\/\/profect.ee\/wp-content\/uploads\/2022\/11\/e-559x363.png 559w\" sizes=\"auto, (max-width: 820px) 100vw, 820px\" \/>\n<h6><strong>K\u00f6\u00f6k<\/strong><\/h6> <p>K\u00f6\u00f6gim\u00f6\u00f6bel valmistatakse Teile sobiva puitmaterjaliga ja\u00a0m\u00f5\u00f5tudes. K\u00f6\u00f6gi t\u00f6\u00f6tasapinnana saab kasutada nii t\u00e4ispuitu kui ka erinevaid kunstmaterjale. Abistame lahenduste v\u00e4ljat\u00f6\u00f6tamisel.<br>Tarneaeg 4-6 n\u00e4dalat.<\/p>\n<img loading=\"lazy\" decoding=\"async\" width=\"534\" height=\"406\" src=\"https:\/\/profect.ee\/wp-content\/uploads\/2022\/11\/sd.png\" title=\"sd\" alt=\"sd\" srcset=\"https:\/\/profect.ee\/wp-content\/uploads\/2022\/11\/sd.png 534w, https:\/\/profect.ee\/wp-content\/uploads\/2022\/11\/sd-300x228.png 300w, https:\/\/profect.ee\/wp-content\/uploads\/2022\/11\/sd-392x298.png 392w\" sizes=\"auto, (max-width: 534px) 100vw, 534px\" \/>\n<h6><strong>Esik<\/strong><\/h6> <p>Esikum\u00f6\u00f6bel valmistatakse t\u00e4ispuidust. M\u00f5\u00f5te on v\u00f5imalik muuta vastavalt kliendi vajadustele.\u00a0\u00a0\u00a0\u00a0\u00a0 \u00a0\u00a0 \u00a0\u00a0\u00a0\u00a0\u00a0\u00a0\u00a0\u00a0<\/p>\n<img loading=\"lazy\" decoding=\"async\" width=\"530\" height=\"351\" src=\"https:\/\/profect.ee\/wp-content\/uploads\/2022\/11\/esik.png\" title=\"esik\" alt=\"esik\" srcset=\"https:\/\/profect.ee\/wp-content\/uploads\/2022\/11\/esik.png 530w, https:\/\/profect.ee\/wp-content\/uploads\/2022\/11\/esik-300x199.png 300w, https:\/\/profect.ee\/wp-content\/uploads\/2022\/11\/esik-395x261.png 395w\" sizes=\"auto, (max-width: 530px) 100vw, 530px\" \/>\n<h6><strong>Vannituba<\/strong><\/h6> <p>Vannitoa m\u00f6\u00f6bel valmistatakse\u00a0Teie vannituppa sobivates m\u00f5\u00f5tudes ning viimistletakse veekindla lakiga.<\/p>\n<img loading=\"lazy\" decoding=\"async\" width=\"760\" height=\"357\" src=\"https:\/\/profect.ee\/wp-content\/uploads\/2022\/11\/vannituba.png\" title=\"vannituba\" alt=\"vannituba\" srcset=\"https:\/\/profect.ee\/wp-content\/uploads\/2022\/11\/vannituba.png 760w, https:\/\/profect.ee\/wp-content\/uploads\/2022\/11\/vannituba-300x141.png 300w, https:\/\/profect.ee\/wp-content\/uploads\/2022\/11\/vannituba-565x265.png 565w\" sizes=\"auto, (max-width: 760px) 100vw, 760px\" \/>\n<h6><strong>Aksessuaarid<\/strong><\/h6> <p>Valmistame ka eritellimusel erinevaid aksessuaare, Teile sobivate m\u00f5\u00f5tudega ja materjalist.<\/p>\n<img loading=\"lazy\" decoding=\"async\" width=\"723\" height=\"276\" src=\"https:\/\/profect.ee\/wp-content\/uploads\/2022\/11\/aks.png\" title=\"aks\" alt=\"aks\" srcset=\"https:\/\/profect.ee\/wp-content\/uploads\/2022\/11\/aks.png 723w, https:\/\/profect.ee\/wp-content\/uploads\/2022\/11\/aks-300x115.png 300w, https:\/\/profect.ee\/wp-content\/uploads\/2022\/11\/aks-523x199.png 523w\" sizes=\"auto, (max-width: 723px) 100vw, 723px\" \/>","_links":{"self":[{"href":"https:\/\/profect.ee\/index.php?rest_route=\/wp\/v2\/pages\/98","targetHints":{"allow":["GET"]}}],"collection":[{"href":"https:\/\/profect.ee\/index.php?rest_route=\/wp\/v2\/pages"}],"about":[{"href":"https:\/\/profect.ee\/index.php?rest_route=\/wp\/v2\/types\/page"}],"author":[{"embeddable":true,"href":"https:\/\/profect.ee\/index.php?rest_route=\/wp\/v2\/users\/1"}],"replies":[{"embeddable":true,"href":"https:\/\/profect.ee\/index.php?rest_route=%2Fwp%2Fv2%2Fcomments&post=98"}],"version-history":[{"count":8,"href":"https:\/\/profect.ee\/index.php?rest_route=\/wp\/v2\/pages\/98\/revisions"}],"predecessor-version":[{"id":469,"href":"https:\/\/profect.ee\/index.php?rest_route=\/wp\/v2\/pages\/98\/revisions\/469"}],"wp:attachment":[{"href":"https:\/\/profect.ee\/index.php?rest_route=%2Fwp%2Fv2%2Fmedia&parent=98"}],"curies":[{"name":"wp","href":"https:\/\/api.w.org\/{rel}","templated":true}]}}