{"id":96,"date":"2022-06-16T18:53:03","date_gmt":"2022-06-16T18:53:03","guid":{"rendered":"https:\/\/profect.ee\/?page_id=96"},"modified":"2024-01-23T10:53:10","modified_gmt":"2024-01-23T08:53:10","slug":"trepid","status":"publish","type":"page","link":"https:\/\/profect.ee\/?page_id=96","title":{"rendered":"Trepid"},"content":{"rendered":"<!-- wp:themify-builder\/canvas \/--><!--themify_builder_static--><h6><strong>Trepid<\/strong><\/h6> <p>Trepp on oluline ruumikujunduselement, mis tuleb sobitada muu interj\u00f6\u00f6riga: p\u00f5randa, m\u00f6\u00f6bli v\u00f5i seintega. \u00dcldjuhul annab p\u00f5him\u00f5ttelise lahenduse (sise)arhitekt. Uue maja ehitamisel v\u00f5i vana renoveerimisel soovitame juba aegsasti v\u00f5tta \u00fchendust trepimeistriga, kes\u00a0oskab soovitada, millist t\u00fc\u00fcpi trepp on antud olukorras k\u00f5ige otstarbekam ning kui suure ava peaks vahelakke j\u00e4tma. Seda k\u00f5ike eelk\u00f5ige selleks, et tagada vajalikud tingimused maksimaalselt mugava ja esteetilise trepi valmimiseks.\u00a0<\/p> <h6><strong>Puitmaterjalid<\/strong><\/h6> <p>Levinumad puiduliigid on m\u00e4nd, tamm, saar, kask. Okaspuidust trepi korral on astme esiservas lehtpuidust kant.\u00a0<\/p> <h6><strong>Viimistlus<\/strong><\/h6> <p>Trepid viimistletakse vastavalt tellija soovile kas mattlaki v\u00f5i \u00f5liga. V\u00f5imalik on ka puidu toonimine erinevate peitsidega.<\/p> <p>Lakitud pinnad\u00a0on k\u00fcll igap\u00e4evaselt kergem puhastada, kuid kui lakk kunagi kulub siis trepi renoveerimine on v\u00e4ga t\u00f6\u00f6mahukas. \u00d5li on puidupinnal naturaalsem tuues esile puidu looduslikud toonid ning on kulumise korral ka lihtsam taastada.<\/p> <h6><strong>Trepit\u00fc\u00fcbid<\/strong><\/h6>\n<img loading=\"lazy\" decoding=\"async\" width=\"861\" height=\"553\" src=\"https:\/\/profect.ee\/wp-content\/uploads\/2024\/01\/Trepid.png\" title=\"Trepid\" alt=\"Trepid\" srcset=\"https:\/\/profect.ee\/wp-content\/uploads\/2024\/01\/Trepid.png 861w, https:\/\/profect.ee\/wp-content\/uploads\/2024\/01\/Trepid-300x193.png 300w, https:\/\/profect.ee\/wp-content\/uploads\/2024\/01\/Trepid-768x493.png 768w\" sizes=\"auto, (max-width: 861px) 100vw, 861px\" \/>\n<img loading=\"lazy\" decoding=\"async\" width=\"743\" height=\"776\" src=\"https:\/\/profect.ee\/wp-content\/uploads\/2022\/11\/ddd.png\" title=\"ddd\" alt=\"ddd\" srcset=\"https:\/\/profect.ee\/wp-content\/uploads\/2022\/11\/ddd.png 743w, https:\/\/profect.ee\/wp-content\/uploads\/2022\/11\/ddd-287x300.png 287w, https:\/\/profect.ee\/wp-content\/uploads\/2022\/11\/ddd-446x465.png 446w\" sizes=\"auto, (max-width: 743px) 100vw, 743px\" \/><!--\/themify_builder_static-->","protected":false},"excerpt":{"rendered":"<p>Trepid Trepp on oluline ruumikujunduselement, mis tuleb sobitada muu interj\u00f6\u00f6riga: p\u00f5randa, m\u00f6\u00f6bli v\u00f5i seintega. \u00dcldjuhul annab p\u00f5him\u00f5ttelise lahenduse (sise)arhitekt. Uue maja ehitamisel v\u00f5i vana renoveerimisel soovitame juba aegsasti v\u00f5tta \u00fchendust trepimeistriga, kes\u00a0oskab soovitada, millist t\u00fc\u00fcpi trepp on antud olukorras k\u00f5ige otstarbekam ning kui suure ava peaks vahelakke j\u00e4tma. Seda k\u00f5ike eelk\u00f5ige selleks, et tagada vajalikud [&hellip;]<\/p>\n","protected":false},"author":1,"featured_media":0,"parent":0,"menu_order":0,"comment_status":"closed","ping_status":"closed","template":"","meta":{"footnotes":""},"class_list":["post-96","page","type-page","status-publish","hentry","has-post-title","has-post-date","has-post-category","has-post-tag","has-post-comment","has-post-author",""],"builder_content":"<h6><strong>Trepid<\/strong><\/h6> <p>Trepp on oluline ruumikujunduselement, mis tuleb sobitada muu interj\u00f6\u00f6riga: p\u00f5randa, m\u00f6\u00f6bli v\u00f5i seintega. \u00dcldjuhul annab p\u00f5him\u00f5ttelise lahenduse (sise)arhitekt. Uue maja ehitamisel v\u00f5i vana renoveerimisel soovitame juba aegsasti v\u00f5tta \u00fchendust trepimeistriga, kes\u00a0oskab soovitada, millist t\u00fc\u00fcpi trepp on antud olukorras k\u00f5ige otstarbekam ning kui suure ava peaks vahelakke j\u00e4tma. Seda k\u00f5ike eelk\u00f5ige selleks, et tagada vajalikud tingimused maksimaalselt mugava ja esteetilise trepi valmimiseks.\u00a0<\/p> <h6><strong>Puitmaterjalid<\/strong><\/h6> <p>Levinumad puiduliigid on m\u00e4nd, tamm, saar, kask. Okaspuidust trepi korral on astme esiservas lehtpuidust kant.\u00a0<\/p> <h6><strong>Viimistlus<\/strong><\/h6> <p>Trepid viimistletakse vastavalt tellija soovile kas mattlaki v\u00f5i \u00f5liga. V\u00f5imalik on ka puidu toonimine erinevate peitsidega.<\/p> <p>Lakitud pinnad\u00a0on k\u00fcll igap\u00e4evaselt kergem puhastada, kuid kui lakk kunagi kulub siis trepi renoveerimine on v\u00e4ga t\u00f6\u00f6mahukas. \u00d5li on puidupinnal naturaalsem tuues esile puidu looduslikud toonid ning on kulumise korral ka lihtsam taastada.<\/p> <h6><strong>Trepit\u00fc\u00fcbid<\/strong><\/h6>\n<img loading=\"lazy\" decoding=\"async\" width=\"861\" height=\"553\" src=\"https:\/\/profect.ee\/wp-content\/uploads\/2024\/01\/Trepid.png\" title=\"Trepid\" alt=\"Trepid\" srcset=\"https:\/\/profect.ee\/wp-content\/uploads\/2024\/01\/Trepid.png 861w, https:\/\/profect.ee\/wp-content\/uploads\/2024\/01\/Trepid-300x193.png 300w, https:\/\/profect.ee\/wp-content\/uploads\/2024\/01\/Trepid-768x493.png 768w\" sizes=\"auto, (max-width: 861px) 100vw, 861px\" \/>\n<img loading=\"lazy\" decoding=\"async\" width=\"743\" height=\"776\" src=\"https:\/\/profect.ee\/wp-content\/uploads\/2022\/11\/ddd.png\" title=\"ddd\" alt=\"ddd\" srcset=\"https:\/\/profect.ee\/wp-content\/uploads\/2022\/11\/ddd.png 743w, https:\/\/profect.ee\/wp-content\/uploads\/2022\/11\/ddd-287x300.png 287w, https:\/\/profect.ee\/wp-content\/uploads\/2022\/11\/ddd-446x465.png 446w\" sizes=\"auto, (max-width: 743px) 100vw, 743px\" \/>","_links":{"self":[{"href":"https:\/\/profect.ee\/index.php?rest_route=\/wp\/v2\/pages\/96","targetHints":{"allow":["GET"]}}],"collection":[{"href":"https:\/\/profect.ee\/index.php?rest_route=\/wp\/v2\/pages"}],"about":[{"href":"https:\/\/profect.ee\/index.php?rest_route=\/wp\/v2\/types\/page"}],"author":[{"embeddable":true,"href":"https:\/\/profect.ee\/index.php?rest_route=\/wp\/v2\/users\/1"}],"replies":[{"embeddable":true,"href":"https:\/\/profect.ee\/index.php?rest_route=%2Fwp%2Fv2%2Fcomments&post=96"}],"version-history":[{"count":12,"href":"https:\/\/profect.ee\/index.php?rest_route=\/wp\/v2\/pages\/96\/revisions"}],"predecessor-version":[{"id":696,"href":"https:\/\/profect.ee\/index.php?rest_route=\/wp\/v2\/pages\/96\/revisions\/696"}],"wp:attachment":[{"href":"https:\/\/profect.ee\/index.php?rest_route=%2Fwp%2Fv2%2Fmedia&parent=96"}],"curies":[{"name":"wp","href":"https:\/\/api.w.org\/{rel}","templated":true}]}}