{"id":452,"date":"2022-11-11T12:33:23","date_gmt":"2022-11-11T10:33:23","guid":{"rendered":"https:\/\/profect.ee\/?page_id=452"},"modified":"2026-03-03T21:29:13","modified_gmt":"2026-03-03T19:29:13","slug":"firmast","status":"publish","type":"page","link":"https:\/\/profect.ee\/","title":{"rendered":"Firmast"},"content":{"rendered":"<!-- wp:themify-builder\/canvas \/-->","protected":false},"excerpt":{"rendered":"","protected":false},"author":1,"featured_media":0,"parent":0,"menu_order":0,"comment_status":"closed","ping_status":"closed","template":"","meta":{"footnotes":""},"class_list":["post-452","page","type-page","status-publish","hentry","has-post-title","has-post-date","has-post-category","has-post-tag","has-post-comment","has-post-author",""],"builder_content":"<p>KM-Profect alustas oma tegevust 1997.aastal. Firma tegevusvaldkonnaks on eritellimusel erinevate puittoodete valmistamine. Toodame t\u00e4ispuitm\u00f6\u00f6blit, treppe, aknaid, uksi ja muid puitdetaile.<\/p> <p>Valmistame koopiaid ajaloolistest akendest, ustest ja treppidest muinsuskaitse all olevatele ja milj\u00f6\u00f6v\u00e4\u00e4rtuslikes piirkondades asuvatele hoonetele.\u00a0<\/p> <p>T\u00e4nu v\u00e4iketootmises kasutuses olevale kaasaegsele puidut\u00f6\u00f6tehnikale ning t\u00e4nap\u00e4eva n\u00f5uete j\u00e4rgimisele suudame pakkuda lahendusi ka k\u00f5ige n\u00f5udlikumale tellijale.\u00a0<\/p> <p>Toodete valmistamisel arvestatakse tellija erisoove.\u00a0<\/p> <p>Vajadusel abistame lahenduste v\u00e4ljat\u00f6\u00f6tamisel.<\/p>\n<img loading=\"lazy\" decoding=\"async\" width=\"1920\" height=\"2560\" src=\"https:\/\/profect.ee\/wp-content\/uploads\/2022\/11\/DSC_0855-scaled.jpg\" title=\"DSC_0855\" alt=\"DSC_0855\" srcset=\"https:\/\/profect.ee\/wp-content\/uploads\/2022\/11\/DSC_0855-scaled.jpg 1920w, https:\/\/profect.ee\/wp-content\/uploads\/2022\/11\/DSC_0855-225x300.jpg 225w, https:\/\/profect.ee\/wp-content\/uploads\/2022\/11\/DSC_0855-768x1024.jpg 768w, https:\/\/profect.ee\/wp-content\/uploads\/2022\/11\/DSC_0855-1152x1536.jpg 1152w, https:\/\/profect.ee\/wp-content\/uploads\/2022\/11\/DSC_0855-1536x2048.jpg 1536w\" sizes=\"auto, (max-width: 1920px) 100vw, 1920px\" \/>","_links":{"self":[{"href":"https:\/\/profect.ee\/index.php?rest_route=\/wp\/v2\/pages\/452","targetHints":{"allow":["GET"]}}],"collection":[{"href":"https:\/\/profect.ee\/index.php?rest_route=\/wp\/v2\/pages"}],"about":[{"href":"https:\/\/profect.ee\/index.php?rest_route=\/wp\/v2\/types\/page"}],"author":[{"embeddable":true,"href":"https:\/\/profect.ee\/index.php?rest_route=\/wp\/v2\/users\/1"}],"replies":[{"embeddable":true,"href":"https:\/\/profect.ee\/index.php?rest_route=%2Fwp%2Fv2%2Fcomments&post=452"}],"version-history":[{"count":6,"href":"https:\/\/profect.ee\/index.php?rest_route=\/wp\/v2\/pages\/452\/revisions"}],"predecessor-version":[{"id":929,"href":"https:\/\/profect.ee\/index.php?rest_route=\/wp\/v2\/pages\/452\/revisions\/929"}],"wp:attachment":[{"href":"https:\/\/profect.ee\/index.php?rest_route=%2Fwp%2Fv2%2Fmedia&parent=452"}],"curies":[{"name":"wp","href":"https:\/\/api.w.org\/{rel}","templated":true}]}}