{"id":102,"date":"2022-06-16T18:53:41","date_gmt":"2022-06-16T18:53:41","guid":{"rendered":"https:\/\/profect.ee\/?page_id=102"},"modified":"2024-01-23T10:39:43","modified_gmt":"2024-01-23T08:39:43","slug":"aknad","status":"publish","type":"page","link":"https:\/\/profect.ee\/?page_id=102","title":{"rendered":"Aknad"},"content":{"rendered":"<!-- wp:themify-builder\/canvas \/-->\n\n<!--themify_builder_static--><h6><strong>Aknad<\/strong><\/h6> <p>Valmistame traditsioonilisi t\u00e4ispuidust p\u00f6\u00f6rdavatavaid aknaid.\u00a0 Valmistame koopiaid ajaloolistest akendest muinsuskaitse all olevatele ja milj\u00f6\u00f6v\u00e4\u00e4rtuslikel aladel asuvatele hoonetele. Soovi korral paigaldame ka vanad sulused ja kremoonid.<\/p> <p>V\u00f5imalik on valida nii sisse-v\u00e4lja avanevaid e. kahe raamiga aknaid kui\u00a0ka v\u00e4lja v\u00f5i sisse avanevaid \u00fche raamiga aknaid.<\/p> <p>Aknad on t\u00e4htsad. Nende kvaliteedist s\u00f5ltub kodu turvalisus, energias\u00e4\u00e4stlikkus ja elamise m\u00f5nusus. Uusi aknaid tellides tuleks kidlasti j\u00e4lgida, et need sobiks kokku teiste akende ja hoone fassaadiga. \u00d5igesti valitud aknad kindlustavad kodu sise\u00f5hu tervislikkuse ja lisavad stiilsust maja v\u00e4lisilmele.<\/p> <p>Puitaknad on investeering aastak\u00fcmneteks, mis t\u00f5stab maja v\u00e4\u00e4rtust. Akent valides tasub p\u00f6\u00f6rata t\u00e4helepanu deformatsioonikindlale konstruktsioonile, tihendite s\u00fcsteemile ja klaasivalikule. Aknad valmivad alati erilahendusena, arvestades iga kodu konkreetseid vajadusi.<\/p> <h6><strong>Akna terminid<\/strong><\/h6>\n<img loading=\"lazy\" decoding=\"async\" width=\"452\" height=\"311\" src=\"https:\/\/profect.ee\/wp-content\/uploads\/2022\/11\/aknatermin_copy1.png\" title=\"aknatermin_copy1\" alt=\"aknatermin_copy1\" srcset=\"https:\/\/profect.ee\/wp-content\/uploads\/2022\/11\/aknatermin_copy1.png 452w, https:\/\/profect.ee\/wp-content\/uploads\/2022\/11\/aknatermin_copy1-300x206.png 300w\" sizes=\"auto, (max-width: 452px) 100vw, 452px\" \/>\n<h6><strong>Prossid<\/strong><\/h6> <p>L\u00e4biv pross:<br>kasutatakse mitut klaaspaketti, pross asub kahe klaaspaketi vahel<\/p> <p>Kahele poole liimitav pross:<br>pross liimitakse klaaspaketi m\u00f5lemale poolele<\/p> <h6><strong>Aknalauad<\/strong><\/h6> <p>Akendele on v\u00f5imalik juurde tellida t\u00e4ispuidust aknalauad. Aknalauad valmistatakse liimpuidust ning viimistletakse vastavalt kliendi soovile. V\u00f5imalik on tellida nii m\u00e4nni-, kuuse-, saare-, kase-\u00a0kui ka tammepuidust aknalaudu.<\/p> <p><a href=\"https:\/\/profect.ee\/wp-content\/uploads\/2024\/01\/KM-PROFECT_Standard_sulused_AKEN.pdf\" target=\"_blank\" rel=\"noopener\"><u>Akende standardsulused<\/u>\u00a0&gt;&gt;&gt;<\/a><\/p> <p><a href=\"https:\/\/profect.ee\/wp-content\/uploads\/2024\/01\/KM-PROFECT_Akende_paigaldusjuhend_2015.pdf\"><u>Akende paigaldusjuhend<\/u>\u00a0&gt;&gt;&gt;<\/a><\/p> <p><a href=\"https:\/\/profect.ee\/wp-content\/uploads\/2024\/01\/KM-PROFECT_Garantiitingimused_AKEN.pdf\" target=\"_blank\" rel=\"noopener\"><u>Garantiitingimused<\/u>\u00a0&gt;&gt;&gt;<\/a><\/p><!--\/themify_builder_static-->","protected":false},"excerpt":{"rendered":"<p>Aknad Valmistame traditsioonilisi t\u00e4ispuidust p\u00f6\u00f6rdavatavaid aknaid.\u00a0 Valmistame koopiaid ajaloolistest akendest muinsuskaitse all olevatele ja milj\u00f6\u00f6v\u00e4\u00e4rtuslikel aladel asuvatele hoonetele. Soovi korral paigaldame ka vanad sulused ja kremoonid. V\u00f5imalik on valida nii sisse-v\u00e4lja avanevaid e. kahe raamiga aknaid kui\u00a0ka v\u00e4lja v\u00f5i sisse avanevaid \u00fche raamiga aknaid. Aknad on t\u00e4htsad. Nende kvaliteedist s\u00f5ltub kodu turvalisus, energias\u00e4\u00e4stlikkus ja elamise [&hellip;]<\/p>\n","protected":false},"author":1,"featured_media":0,"parent":0,"menu_order":0,"comment_status":"closed","ping_status":"closed","template":"","meta":{"footnotes":""},"class_list":["post-102","page","type-page","status-publish","hentry","has-post-title","has-post-date","has-post-category","has-post-tag","has-post-comment","has-post-author",""],"builder_content":"<h6><strong>Aknad<\/strong><\/h6> <p>Valmistame traditsioonilisi t\u00e4ispuidust p\u00f6\u00f6rdavatavaid aknaid.\u00a0 Valmistame koopiaid ajaloolistest akendest muinsuskaitse all olevatele ja milj\u00f6\u00f6v\u00e4\u00e4rtuslikel aladel asuvatele hoonetele. Soovi korral paigaldame ka vanad sulused ja kremoonid.<\/p> <p>V\u00f5imalik on valida nii sisse-v\u00e4lja avanevaid e. kahe raamiga aknaid kui\u00a0ka v\u00e4lja v\u00f5i sisse avanevaid \u00fche raamiga aknaid.<\/p> <p>Aknad on t\u00e4htsad. Nende kvaliteedist s\u00f5ltub kodu turvalisus, energias\u00e4\u00e4stlikkus ja elamise m\u00f5nusus. Uusi aknaid tellides tuleks kidlasti j\u00e4lgida, et need sobiks kokku teiste akende ja hoone fassaadiga. \u00d5igesti valitud aknad kindlustavad kodu sise\u00f5hu tervislikkuse ja lisavad stiilsust maja v\u00e4lisilmele.<\/p> <p>Puitaknad on investeering aastak\u00fcmneteks, mis t\u00f5stab maja v\u00e4\u00e4rtust. Akent valides tasub p\u00f6\u00f6rata t\u00e4helepanu deformatsioonikindlale konstruktsioonile, tihendite s\u00fcsteemile ja klaasivalikule. Aknad valmivad alati erilahendusena, arvestades iga kodu konkreetseid vajadusi.<\/p> <h6><strong>Akna terminid<\/strong><\/h6>\n<img loading=\"lazy\" decoding=\"async\" width=\"452\" height=\"311\" src=\"https:\/\/profect.ee\/wp-content\/uploads\/2022\/11\/aknatermin_copy1.png\" title=\"aknatermin_copy1\" alt=\"aknatermin_copy1\" srcset=\"https:\/\/profect.ee\/wp-content\/uploads\/2022\/11\/aknatermin_copy1.png 452w, https:\/\/profect.ee\/wp-content\/uploads\/2022\/11\/aknatermin_copy1-300x206.png 300w\" sizes=\"auto, (max-width: 452px) 100vw, 452px\" \/>\n<h6><strong>Prossid<\/strong><\/h6> <p>L\u00e4biv pross:<br>kasutatakse mitut klaaspaketti, pross asub kahe klaaspaketi vahel<\/p> <p>Kahele poole liimitav pross:<br>pross liimitakse klaaspaketi m\u00f5lemale poolele<\/p> <h6><strong>Aknalauad<\/strong><\/h6> <p>Akendele on v\u00f5imalik juurde tellida t\u00e4ispuidust aknalauad. Aknalauad valmistatakse liimpuidust ning viimistletakse vastavalt kliendi soovile. V\u00f5imalik on tellida nii m\u00e4nni-, kuuse-, saare-, kase-\u00a0kui ka tammepuidust aknalaudu.<\/p> <p><a href=\"https:\/\/profect.ee\/wp-content\/uploads\/2024\/01\/KM-PROFECT_Standard_sulused_AKEN.pdf\" target=\"_blank\" rel=\"noopener\"><u>Akende standardsulused<\/u>\u00a0&gt;&gt;&gt;<\/a><\/p> <p><a href=\"https:\/\/profect.ee\/wp-content\/uploads\/2024\/01\/KM-PROFECT_Akende_paigaldusjuhend_2015.pdf\"><u>Akende paigaldusjuhend<\/u>\u00a0&gt;&gt;&gt;<\/a><\/p> <p><a href=\"https:\/\/profect.ee\/wp-content\/uploads\/2024\/01\/KM-PROFECT_Garantiitingimused_AKEN.pdf\" target=\"_blank\" rel=\"noopener\"><u>Garantiitingimused<\/u>\u00a0&gt;&gt;&gt;<\/a><\/p>","_links":{"self":[{"href":"https:\/\/profect.ee\/index.php?rest_route=\/wp\/v2\/pages\/102","targetHints":{"allow":["GET"]}}],"collection":[{"href":"https:\/\/profect.ee\/index.php?rest_route=\/wp\/v2\/pages"}],"about":[{"href":"https:\/\/profect.ee\/index.php?rest_route=\/wp\/v2\/types\/page"}],"author":[{"embeddable":true,"href":"https:\/\/profect.ee\/index.php?rest_route=\/wp\/v2\/users\/1"}],"replies":[{"embeddable":true,"href":"https:\/\/profect.ee\/index.php?rest_route=%2Fwp%2Fv2%2Fcomments&post=102"}],"version-history":[{"count":17,"href":"https:\/\/profect.ee\/index.php?rest_route=\/wp\/v2\/pages\/102\/revisions"}],"predecessor-version":[{"id":692,"href":"https:\/\/profect.ee\/index.php?rest_route=\/wp\/v2\/pages\/102\/revisions\/692"}],"wp:attachment":[{"href":"https:\/\/profect.ee\/index.php?rest_route=%2Fwp%2Fv2%2Fmedia&parent=102"}],"curies":[{"name":"wp","href":"https:\/\/api.w.org\/{rel}","templated":true}]}}