{"id":100,"date":"2022-06-16T18:53:32","date_gmt":"2022-06-16T18:53:32","guid":{"rendered":"https:\/\/profect.ee\/?page_id=100"},"modified":"2022-11-11T13:00:04","modified_gmt":"2022-11-11T11:00:04","slug":"uksed","status":"publish","type":"page","link":"https:\/\/profect.ee\/?page_id=100","title":{"rendered":"Uksed"},"content":{"rendered":"<!-- wp:themify-builder\/canvas \/--><!--themify_builder_static--><h6><strong>Uksed<\/strong><\/h6> <p>Valmistame traditsioonilisi t\u00e4ispuidust uksi\u00a0alates v\u00e4lisustes, siseustest kuni garaa\u017eiusteni.<\/p> <p>Meie eesm\u00e4rk on pakkuda kliendile laialdlast ja kvaliteetset tootevalikut.\u00a0Valmistame koopiaid olemasolevatest ustest muinsuskaitsealustele ja milj\u00f6\u00f6v\u00e4\u00e4rtuslikes piirkondades asuvatele hoonetele. Pakume olemasoleva ajaloolise ukse m\u00f5\u00f5distamise ja projekti koostamise teenust.<\/p> <h6><strong>V\u00e4lisuksed<\/strong><\/h6>\n<p>V\u00e4lisuks on kui maja visiitkaart, mis paistab silma igale k\u00fclalisele.\u00a0 V\u00e4lisustele esitatavad n\u00f5udmised on karmimad kui mistahes muudele ustele. Et uksed peaksid vastu meie vahelduvale ilmale ja hoiaksid sooja \u00f5hu toas, siis selleks\u00a0kasutame katsetused l\u00e4binud t\u00e4itematerjali ja tihendeid.\u00a0 V\u00e4lisuksi toodame nii standardm\u00f5\u00f5tude j\u00e4rgi, kui ka eritellimusel vastavalt kliendi soovitud m\u00f5\u00f5tudele. V\u00f5imalik on tellida ka kahepoolseid uksi ja laiendiga uksi, mis v\u00f5imaldavad avatavaks teha laiemaid avasid.<\/p>\nValida saab ajaloolise h\u00f5nguga profiilsetest ustest kuni kaasaegse disaini. <h1>\u00a0<\/h1> <h6><strong>Siseuksed<\/strong><\/h6> \u00a0 Siseuksi valmistame nii moodulm\u00f5\u00f5tude j\u00e4rgi kui ka eritellimusel vastavalt soovitud m\u00f5\u00f5tudele. Toodetakse \u00fche- ja kahepoolseid uksi. Klaasiavadega ustel on v\u00f5imalikud erinevad raamijaotused ja klaasit\u00fc\u00fcbid. Valida saab ajaloolise h\u00f5nguga profiilsetest ustest kuni kaasaegse disainini. \u00a0\u00a0\u00a0 <h6><strong>Garaa\u017eiuksed<\/strong><\/h6> \u00a0 Valmistame paarisavatavaid garaaziuksi. Garaa\u017eiuksed on soojustatud analoogselt v\u00e4lisustega. Valida saab t\u00e4ispuit v\u00f5i niiskuskindla silevineeruste vahel. \u00a0\n<h6><strong>Ukse terminid<\/strong><\/h6>\n<img decoding=\"async\" loading=\"lazy\" width=\"450\" height=\"413\" src=\"https:\/\/profect.ee\/wp-content\/uploads\/2022\/11\/uksetermin.png\" title=\"uksetermin\" alt=\"uksetermin\" srcset=\"https:\/\/profect.ee\/wp-content\/uploads\/2022\/11\/uksetermin.png 450w, https:\/\/profect.ee\/wp-content\/uploads\/2022\/11\/uksetermin-300x275.png 300w\" sizes=\"auto, (max-width: 450px) 100vw, 450px\" \/><!--\/themify_builder_static-->","protected":false},"excerpt":{"rendered":"<p>Uksed Valmistame traditsioonilisi t\u00e4ispuidust uksi\u00a0alates v\u00e4lisustes, siseustest kuni garaa\u017eiusteni. Meie eesm\u00e4rk on pakkuda kliendile laialdlast ja kvaliteetset tootevalikut.\u00a0Valmistame koopiaid olemasolevatest ustest muinsuskaitsealustele ja milj\u00f6\u00f6v\u00e4\u00e4rtuslikes piirkondades asuvatele hoonetele. Pakume olemasoleva ajaloolise ukse m\u00f5\u00f5distamise ja projekti koostamise teenust. V\u00e4lisuksed V\u00e4lisuks on kui maja visiitkaart, mis paistab silma igale k\u00fclalisele.\u00a0 V\u00e4lisustele esitatavad n\u00f5udmised on karmimad kui mistahes muudele [&hellip;]<\/p>\n","protected":false},"author":1,"featured_media":0,"parent":0,"menu_order":0,"comment_status":"closed","ping_status":"closed","template":"","meta":{"footnotes":""},"class_list":["post-100","page","type-page","status-publish","hentry","has-post-title","has-post-date","has-post-category","has-post-tag","has-post-comment","has-post-author",""],"builder_content":"<h6><strong>Uksed<\/strong><\/h6> <p>Valmistame traditsioonilisi t\u00e4ispuidust uksi\u00a0alates v\u00e4lisustes, siseustest kuni garaa\u017eiusteni.<\/p> <p>Meie eesm\u00e4rk on pakkuda kliendile laialdlast ja kvaliteetset tootevalikut.\u00a0Valmistame koopiaid olemasolevatest ustest muinsuskaitsealustele ja milj\u00f6\u00f6v\u00e4\u00e4rtuslikes piirkondades asuvatele hoonetele. Pakume olemasoleva ajaloolise ukse m\u00f5\u00f5distamise ja projekti koostamise teenust.<\/p> <h6><strong>V\u00e4lisuksed<\/strong><\/h6>\n<p>V\u00e4lisuks on kui maja visiitkaart, mis paistab silma igale k\u00fclalisele.\u00a0 V\u00e4lisustele esitatavad n\u00f5udmised on karmimad kui mistahes muudele ustele. Et uksed peaksid vastu meie vahelduvale ilmale ja hoiaksid sooja \u00f5hu toas, siis selleks\u00a0kasutame katsetused l\u00e4binud t\u00e4itematerjali ja tihendeid.\u00a0 V\u00e4lisuksi toodame nii standardm\u00f5\u00f5tude j\u00e4rgi, kui ka eritellimusel vastavalt kliendi soovitud m\u00f5\u00f5tudele. V\u00f5imalik on tellida ka kahepoolseid uksi ja laiendiga uksi, mis v\u00f5imaldavad avatavaks teha laiemaid avasid.<\/p>\nValida saab ajaloolise h\u00f5nguga profiilsetest ustest kuni kaasaegse disaini. <h1>\u00a0<\/h1> <h6><strong>Siseuksed<\/strong><\/h6> \u00a0 Siseuksi valmistame nii moodulm\u00f5\u00f5tude j\u00e4rgi kui ka eritellimusel vastavalt soovitud m\u00f5\u00f5tudele. Toodetakse \u00fche- ja kahepoolseid uksi. Klaasiavadega ustel on v\u00f5imalikud erinevad raamijaotused ja klaasit\u00fc\u00fcbid. Valida saab ajaloolise h\u00f5nguga profiilsetest ustest kuni kaasaegse disainini. \u00a0\u00a0\u00a0 <h6><strong>Garaa\u017eiuksed<\/strong><\/h6> \u00a0 Valmistame paarisavatavaid garaaziuksi. Garaa\u017eiuksed on soojustatud analoogselt v\u00e4lisustega. Valida saab t\u00e4ispuit v\u00f5i niiskuskindla silevineeruste vahel. \u00a0\n<h6><strong>Ukse terminid<\/strong><\/h6>\n<img loading=\"lazy\" decoding=\"async\" width=\"450\" height=\"413\" src=\"https:\/\/profect.ee\/wp-content\/uploads\/2022\/11\/uksetermin.png\" title=\"uksetermin\" alt=\"uksetermin\" srcset=\"https:\/\/profect.ee\/wp-content\/uploads\/2022\/11\/uksetermin.png 450w, https:\/\/profect.ee\/wp-content\/uploads\/2022\/11\/uksetermin-300x275.png 300w\" sizes=\"auto, (max-width: 450px) 100vw, 450px\" \/>","_links":{"self":[{"href":"https:\/\/profect.ee\/index.php?rest_route=\/wp\/v2\/pages\/100","targetHints":{"allow":["GET"]}}],"collection":[{"href":"https:\/\/profect.ee\/index.php?rest_route=\/wp\/v2\/pages"}],"about":[{"href":"https:\/\/profect.ee\/index.php?rest_route=\/wp\/v2\/types\/page"}],"author":[{"embeddable":true,"href":"https:\/\/profect.ee\/index.php?rest_route=\/wp\/v2\/users\/1"}],"replies":[{"embeddable":true,"href":"https:\/\/profect.ee\/index.php?rest_route=%2Fwp%2Fv2%2Fcomments&post=100"}],"version-history":[{"count":9,"href":"https:\/\/profect.ee\/index.php?rest_route=\/wp\/v2\/pages\/100\/revisions"}],"predecessor-version":[{"id":466,"href":"https:\/\/profect.ee\/index.php?rest_route=\/wp\/v2\/pages\/100\/revisions\/466"}],"wp:attachment":[{"href":"https:\/\/profect.ee\/index.php?rest_route=%2Fwp%2Fv2%2Fmedia&parent=100"}],"curies":[{"name":"wp","href":"https:\/\/api.w.org\/{rel}","templated":true}]}}